{"id":751,"date":"2017-03-22T08:46:53","date_gmt":"2017-03-22T08:46:53","guid":{"rendered":"http:\/\/bimber-mu.localhost\/demo-original\/?page_id=751"},"modified":"2023-09-14T06:55:44","modified_gmt":"2023-09-14T06:55:44","slug":"home-2","status":"publish","type":"page","link":"https:\/\/magazine.associationsadio.org\/index.php\/home-2\/","title":{"rendered":"Home"},"content":{"rendered":"<section class=\"wpb-content-wrapper\">[vc_row][vc_column][vc_empty_space][vc_column_text][\/vc_column_text][vc_empty_space][\/vc_column][\/vc_row][vc_row][vc_column][vc_empty_space][vc_column_text]Avec une \u00e9quipe, essentiellement f\u00e9minine, tr\u00e8s sensible \u00e0 la probl\u00e9matique de la femme, en g\u00e9n\u00e9ral, et africaine en particulier, SADIO a souhait\u00e9 apporter sa contribution \u00e0 la cause de la femme. N\u00e9 en 2017, Le SADIO, concept cr\u00e9\u00e9 et d\u00e9velopp\u00e9 par deux femmes, a pour objectif de donner une plus grande visibilit\u00e9 aux initiatives f\u00e9minines afin d\u2019inspirer toutes les femmes en cr\u00e9ant une \u00e9mulation.<br \/>\nAujourd\u2019hui ce concept est port\u00e9 par une large communaut\u00e9 f\u00e9minine. En effet, malgr\u00e9 plusieurs initiatives en faveur de la promotion de la femme au Mali entreprises par le<br \/>\ngouvernement, les partenaires techniques et financiers et diff\u00e9rentes associations, la visibilit\u00e9 de ces actions et des r\u00e9alisations extraordinaires de certaines femmes demeure faible. Or une meilleure communication sur ces r\u00e9alisations pourrait cr\u00e9er un v\u00e9ritable mouvement et inspirer des milliers de maliennes \u00e0 jouer un r\u00f4le majeur dans le d\u00e9veloppement du pays.<br \/>\nSADIO a pour mission de magnifier la femme malienne en rendant hommage \u00e0 ses comp\u00e9tences et expertises, son courage, sa t\u00e9nacit\u00e9, sa bravoure, sa d\u00e9termination et son engagement \u00e0 offrir \u00e0 la soci\u00e9t\u00e9 un avenir meilleur. Sadio vise donc \u00e0 :<\/p>\n<p>&#8211; Accompagner les actions sociales en lien avec la promotion de la femme en leur donnant une plus grande visibilit\u00e9<br \/>\n&#8211; inspirer toutes les femmes \u2018\u2019Yes we can\u2019\u2019<br \/>\n&#8211; R\u00e9unir les leaders d\u2019opinion autour du th\u00e8me de la promotion de la femme<br \/>\n&#8211; Inciter les politiques et bailleurs \u00e0 soutenir davantage les initiatives f\u00e9minine<\/p>\n<p>&#8211; Accompagner les actions sociales en lien avec la promotion de la femme en leur donnant une plus grande visibilit\u00e9<br \/>\n&#8211; Inspirer toutes les femmes \u2018\u2019Yes we can\u2019\u2019<br \/>\n&#8211; R\u00e9unir les leaders d\u2019opinion autour du th\u00e8me de la promotion de la femme<br \/>\n&#8211; Inciter les politiques et bailleurs \u00e0 soutenir davantage les initiatives f\u00e9minines<\/p>\n<p>Dans la premi\u00e8re phase de son d\u00e9ploiement, le SADIO se d\u00e9cline en trois grands volets :<\/p>\n<ul>\n<li>Un gala lors duquel des femmes maliennes d\u2019exception, dans les domaines des affaires, de la culture, du sport et de la soci\u00e9t\u00e9 civile, sont reconnues.<\/li>\n<li>Un magazine trimestriel avec des reportages sur des femmes, qui \u00e0 leur \u00e9chelle cr\u00e9ent une certaine dynamique autour d\u2019elle.<\/li>\n<li>Une boutique Physique \u00e0 la disposition des femmes accompagn\u00e9es par l&#8217;association dans laquelle elles<br \/>\npeuvent exposer et commercialiser leurs produits<\/li>\n<\/ul>\n<p>La seconde phase du d\u00e9ploiement comprend deux volets :<\/p>\n<ul>\n<li>La location d&#8217;un bureau pour l\u2019Association : Les besoins augmentant avec le nombre femmes accompagn\u00e9es, la location ponctuelle d&#8217;espace n&#8217;est financi\u00e8rement plus rentable. Aussi, il a \u00e9t\u00e9 d\u00e9cid\u00e9 de louer annuellement un bureau de formation et d\u2019accompagnement d\u00e9di\u00e9 \u00e0 l\u2019entrepreneuriat f\u00e9minin. Ce bureau regroupera plusieurs espaces entierement \u00e0 la disposition des femmes (salles de r\u00e9union, salle de formation, afterWork, domiciliation, location de bureau \u00e0 l&#8217;heure, coworking&#8230;)<\/li>\n<li>La cr\u00e9ation d\u2019un site de market place permettant aux femmes de vendre leurs produits et services en ligne. La plateforme, gr\u00e2ce \u00e0 son r\u00e9seau de femmes g\u00e8rerait toute la logistique pour les femmes commer\u00e7antes.<\/li>\n<\/ul>\n<p>Le lancement de cette plateforme est pr\u00e9vu en 2023, lors du gala annuel.[\/vc_column_text][vc_empty_space][\/vc_column][\/vc_row]\n<\/section>","protected":false},"excerpt":{"rendered":"<p>[vc_row][vc_column][vc_empty_space][vc_column_text][\/vc_column_text][vc_empty_space][\/vc_column][\/vc_row][vc_row][vc_column][vc_empty_space][vc_column_text]Avec une \u00e9quipe, essentiellement f\u00e9minine, tr\u00e8s sensible \u00e0 la probl\u00e9matique de la femme, en g\u00e9n\u00e9ral, et africaine en particulier, SADIO a souhait\u00e9 apporter sa contribution \u00e0 la cause de la femme. N\u00e9 en 2017, Le SADIO, concept cr\u00e9\u00e9 et d\u00e9velopp\u00e9 par deux femmes, a pour objectif de donner une plus grande visibilit\u00e9 aux initiatives f\u00e9minines&hellip;<\/p>\n","protected":false},"author":1,"featured_media":0,"parent":0,"menu_order":0,"comment_status":"closed","ping_status":"closed","template":"","meta":[],"_links":{"self":[{"href":"https:\/\/magazine.associationsadio.org\/index.php\/wp-json\/wp\/v2\/pages\/751"}],"collection":[{"href":"https:\/\/magazine.associationsadio.org\/index.php\/wp-json\/wp\/v2\/pages"}],"about":[{"href":"https:\/\/magazine.associationsadio.org\/index.php\/wp-json\/wp\/v2\/types\/page"}],"author":[{"embeddable":true,"href":"https:\/\/magazine.associationsadio.org\/index.php\/wp-json\/wp\/v2\/users\/1"}],"replies":[{"embeddable":true,"href":"https:\/\/magazine.associationsadio.org\/index.php\/wp-json\/wp\/v2\/comments?post=751"}],"version-history":[{"count":4,"href":"https:\/\/magazine.associationsadio.org\/index.php\/wp-json\/wp\/v2\/pages\/751\/revisions"}],"predecessor-version":[{"id":5839,"href":"https:\/\/magazine.associationsadio.org\/index.php\/wp-json\/wp\/v2\/pages\/751\/revisions\/5839"}],"wp:attachment":[{"href":"https:\/\/magazine.associationsadio.org\/index.php\/wp-json\/wp\/v2\/media?parent=751"}],"curies":[{"name":"wp","href":"https:\/\/api.w.org\/{rel}","templated":true}]}}