{"id":5696,"date":"2020-01-02T22:02:25","date_gmt":"2020-01-02T22:02:25","guid":{"rendered":"http:\/\/magazine.associationsadio.org\/?page_id=5687"},"modified":"2023-09-14T07:00:11","modified_gmt":"2023-09-14T07:00:11","slug":"sadio-community","status":"publish","type":"page","link":"https:\/\/magazine.associationsadio.org\/index.php\/sadio-community\/","title":{"rendered":"Sadio Community"},"content":{"rendered":"<section class=\"wpb-content-wrapper\">[vc_row el_id=&#8221;concept&#8221;][vc_column][vc_empty_space height=&#8221;50px&#8221;][\/vc_column][\/vc_row][vc_row css=&#8221;.vc_custom_1572642852384{padding-right: 10% !important;padding-left: 10% !important;}&#8221;][vc_column][vc_row_inner][vc_column_inner][vc_column_text][\/vc_column_text][vc_empty_space height=&#8221;50px&#8221;][vc_column_text]\n<h1 style=\"font-size: 16px; line-height: 140%; text-align: center;\"><span style=\"font-size: 24pt;\">Demarche<\/span><\/h1>\n<p style=\"text-align: justify; font-size: 18px; line-height: 140%;\">Les projets s\u00e9lectionn\u00e9s en amont sont des id\u00e9es pour un produit ou un service que l\u2019entrepreneure souhaite lancer sur le march\u00e9, qui viennent d\u2019\u00eatre lanc\u00e9es ou qui ont besoin d\u2019\u00eatre confort\u00e9es dans une phase de d\u00e9veloppement.<\/p>\n<p style=\"text-align: justify; font-size: 18px; line-height: 140%;\">SADIO \u00e9value le projet, analyse son potentiel, et accompagne la b\u00e9n\u00e9ficiaire dans les d\u00e9marches n\u00e9cessaires pour le mener \u00e0 la r\u00e9ussite. Cela inclut toutes les \u00e9tapes d\u2019accompagnement et de mise en place de l\u2019entreprise : \u00e9tude de march\u00e9, conception de l\u2019offre, aspects juridiques, approche marketing et communication, comptabilit\u00e9, financements, etc.<\/p>\n<p style=\"text-align: justify; font-size: 18px; line-height: 140%;\">Les femmes sont s\u00e9lectionn\u00e9es sur la base d\u2019un appel \u00e0 projets, pour une formation de huit semaines organis\u00e9e autour de quatre th\u00e9matiques : strat\u00e9gie d\u2019entreprises, gestion-fiscalit\u00e9, commercialisation et communication. Ces th\u00e9matiques ont \u00e9t\u00e9 d\u00e9ploy\u00e9es concr\u00e8tement sous forme de modules de d\u00e9veloppement personnel, d\u2019un programme collectif de formations favorisant l\u2019apprentissage en groupe, et de conf\u00e9rences, afterworks\u2026<\/p>\n<p style=\"text-align: justify; font-size: 18px; line-height: 140%;\">Afin d\u2019aider les entrepreneures b\u00e9n\u00e9ficiaires de l\u2019accompagnement \u00e0 p\u00e9renniser leur activit\u00e9, SADIO assurera, d\u00e8s les formations achev\u00e9es avec succ\u00e8s, un suivi de gestion des entreprises sur 6 mois.<\/p>\n[\/vc_column_text][vc_empty_space height=&#8221;50px&#8221;][vc_column_text][\/vc_column_text][\/vc_column_inner][\/vc_row_inner][\/vc_column][\/vc_row][vc_row][vc_column][vc_empty_space height=&#8221;50px&#8221;][\/vc_column][\/vc_row]\n<\/section>","protected":false},"excerpt":{"rendered":"<p>[vc_row el_id=&#8221;concept&#8221;][vc_column][vc_empty_space height=&#8221;50px&#8221;][\/vc_column][\/vc_row][vc_row css=&#8221;.vc_custom_1572642852384{padding-right: 10% !important;padding-left: 10% !important;}&#8221;][vc_column][vc_row_inner][vc_column_inner][vc_column_text][\/vc_column_text][vc_empty_space height=&#8221;50px&#8221;][vc_column_text] Demarche Les projets s\u00e9lectionn\u00e9s en amont sont des id\u00e9es pour un produit ou un service que l\u2019entrepreneure souhaite lancer sur le march\u00e9, qui viennent d\u2019\u00eatre lanc\u00e9es ou qui ont besoin d\u2019\u00eatre confort\u00e9es dans une phase de d\u00e9veloppement. SADIO \u00e9value le projet, analyse son potentiel, et accompagne&hellip;<\/p>\n","protected":false},"author":1,"featured_media":0,"parent":0,"menu_order":0,"comment_status":"closed","ping_status":"closed","template":"","meta":[],"_links":{"self":[{"href":"https:\/\/magazine.associationsadio.org\/index.php\/wp-json\/wp\/v2\/pages\/5696"}],"collection":[{"href":"https:\/\/magazine.associationsadio.org\/index.php\/wp-json\/wp\/v2\/pages"}],"about":[{"href":"https:\/\/magazine.associationsadio.org\/index.php\/wp-json\/wp\/v2\/types\/page"}],"author":[{"embeddable":true,"href":"https:\/\/magazine.associationsadio.org\/index.php\/wp-json\/wp\/v2\/users\/1"}],"replies":[{"embeddable":true,"href":"https:\/\/magazine.associationsadio.org\/index.php\/wp-json\/wp\/v2\/comments?post=5696"}],"version-history":[{"count":2,"href":"https:\/\/magazine.associationsadio.org\/index.php\/wp-json\/wp\/v2\/pages\/5696\/revisions"}],"predecessor-version":[{"id":5842,"href":"https:\/\/magazine.associationsadio.org\/index.php\/wp-json\/wp\/v2\/pages\/5696\/revisions\/5842"}],"wp:attachment":[{"href":"https:\/\/magazine.associationsadio.org\/index.php\/wp-json\/wp\/v2\/media?parent=5696"}],"curies":[{"name":"wp","href":"https:\/\/api.w.org\/{rel}","templated":true}]}}