{"id":5620,"date":"2020-01-01T01:17:31","date_gmt":"2020-01-01T01:17:31","guid":{"rendered":"http:\/\/magazine.associationsadio.org\/?page_id=5620"},"modified":"2020-01-01T01:17:31","modified_gmt":"2020-01-01T01:17:31","slug":"ca-se-passe-ici-et-la","status":"publish","type":"page","link":"https:\/\/magazine.associationsadio.org\/index.php\/ca-se-passe-ici-et-la\/","title":{"rendered":"\u00c7a se passe ici et l\u00e0"},"content":{"rendered":"<section class=\"wpb-content-wrapper\">[vc_row][vc_column][vc_empty_space height=&#8221;50px&#8221;][\/vc_column][\/vc_row][vc_row css=&#8221;.vc_custom_1572642852384{padding-right: 10% !important;padding-left: 10% !important;}&#8221;][vc_column][vc_row_inner][vc_column_inner][vc_column_text]\n<blockquote>\n<p style=\"text-align: justify; font-size: 18px; line-height: 140%;\">Dashili Squad en partenariat avec ORTM organisent un nouveau programme : La Case de l\u2019Entrepreneur (Agrobusiness champion\u2019s Labs , Artisanat et Culture champion\u2019s Lab, BTP champion\u2019s Lab). Inscrivez vous et tentez de gagner jusqu\u2019\u00e0 50 Millions de FCFA pour renforcer les capacit\u00e9s de votre entreprise. Fiche d\u2019inscription disponible \u00e0 ORTM et aux Caf\u00e9s des Arts de Bamako. Date Limite : le 15 Septembre 2019.<\/p>\n<\/blockquote>\n[\/vc_column_text][vc_column_text]\n<blockquote>\n<p style=\"text-align: justify; font-size: 18px; line-height: 140%;\">Le 21 Septembre 2019 a eu lieu la 2\u00e8me rencontre avec les Reines Kassa (SADIO) pour un accompagnement (coaching) \u00e0 la maison du partenariat de Bamako<\/p>\n<\/blockquote>\n[\/vc_column_text][vc_column_text]\n<blockquote>\n<p style=\"text-align: justify; font-size: 18px; line-height: 140%;\">Week-end Made on Mali organis\u00e9 par Azala\u00ef h\u00f4tel Bamako, du 21 au 22 Septembre 2019 de 10h \u00e0 19h. Au programme : stands d\u2019exposition de nos produits locaux, Brunch d\u2019ind\u00e9pendance, Animation avec les instruments traditionnels et D\u00e9fil\u00e9s de Mode.<\/p>\n<\/blockquote>\n[\/vc_column_text][vc_column_text]\n<blockquote>\n<p style=\"text-align: justify; font-size: 18px; line-height: 140%;\">Du 26 au 28 septembre 2019: Pr\u00e9sentations du programme du plaidoyer pour l\u2019adoption de l\u2019Avant projet de loi sur les VBG faites aux femmes au Mali . Bon vent \u00e0 Hera Fondation<\/p>\n<\/blockquote>\n[\/vc_column_text][vc_column_text]\n<blockquote>\n<p style=\"text-align: justify; font-size: 18px; line-height: 140%;\">Le 28 Septembre 2019 , discussion avec les femmes de tous les horizons sur le th\u00e8me : Femme et Leadership. Une initiative de CNDIFE au centre Aoua Ke\u00efta de Bamako.<\/p>\n<\/blockquote>\n[\/vc_column_text][vc_column_text]\n<blockquote>\n<p style=\"text-align: justify; font-size: 18px; line-height: 140%;\">3e et 4e rencontres des REINES KASSA de SADIO le 02 novembre et 23 novembre 2019<\/p>\n<\/blockquote>\n[\/vc_column_text][vc_column_text]\n<blockquote>\n<p style=\"text-align: justify; font-size: 18px; line-height: 140%;\">\u00abFemmes et entreprenariat Num\u00e9rique\u00bb Le Talk des femmes organis\u00e9 par Woominnov le 11 Octobre 2019 \u00e0 15h30 \u00e0 Voolinks. n Neko Mussow est une initiative qui vise \u00e0 aborder les sujets relatifs au bien \u00eatre de la jeune fille et femme, le 12 Octobre 2019 \u00e0 Impact hub avec comme th\u00e8me : Mariage et pression sociale.<\/p>\n<\/blockquote>\n[\/vc_column_text][\/vc_column_inner][\/vc_row_inner][\/vc_column][\/vc_row][vc_row][vc_column][vc_empty_space height=&#8221;50px&#8221;][\/vc_column][\/vc_row]\n<\/section>","protected":false},"excerpt":{"rendered":"<p>[vc_row][vc_column][vc_empty_space height=&#8221;50px&#8221;][\/vc_column][\/vc_row][vc_row css=&#8221;.vc_custom_1572642852384{padding-right: 10% !important;padding-left: 10% !important;}&#8221;][vc_column][vc_row_inner][vc_column_inner][vc_column_text] Dashili Squad en partenariat avec ORTM organisent un nouveau programme : La Case de l\u2019Entrepreneur (Agrobusiness champion\u2019s Labs , Artisanat et Culture champion\u2019s Lab, BTP champion\u2019s Lab). Inscrivez vous et tentez de gagner jusqu\u2019\u00e0 50 Millions de FCFA pour renforcer les capacit\u00e9s de votre entreprise. Fiche d\u2019inscription disponible&hellip;<\/p>\n","protected":false},"author":1,"featured_media":0,"parent":0,"menu_order":0,"comment_status":"closed","ping_status":"closed","template":"g1-template-page-full.php","meta":[],"_links":{"self":[{"href":"https:\/\/magazine.associationsadio.org\/index.php\/wp-json\/wp\/v2\/pages\/5620"}],"collection":[{"href":"https:\/\/magazine.associationsadio.org\/index.php\/wp-json\/wp\/v2\/pages"}],"about":[{"href":"https:\/\/magazine.associationsadio.org\/index.php\/wp-json\/wp\/v2\/types\/page"}],"author":[{"embeddable":true,"href":"https:\/\/magazine.associationsadio.org\/index.php\/wp-json\/wp\/v2\/users\/1"}],"replies":[{"embeddable":true,"href":"https:\/\/magazine.associationsadio.org\/index.php\/wp-json\/wp\/v2\/comments?post=5620"}],"version-history":[{"count":0,"href":"https:\/\/magazine.associationsadio.org\/index.php\/wp-json\/wp\/v2\/pages\/5620\/revisions"}],"wp:attachment":[{"href":"https:\/\/magazine.associationsadio.org\/index.php\/wp-json\/wp\/v2\/media?parent=5620"}],"curies":[{"name":"wp","href":"https:\/\/api.w.org\/{rel}","templated":true}]}}