{"id":5587,"date":"2019-12-31T07:58:28","date_gmt":"2019-12-31T07:58:28","guid":{"rendered":"http:\/\/magazine.associationsadio.org\/?page_id=5587"},"modified":"2023-09-08T14:18:59","modified_gmt":"2023-09-08T14:18:59","slug":"association-sadio","status":"publish","type":"page","link":"https:\/\/magazine.associationsadio.org\/index.php\/association-sadio\/","title":{"rendered":"Association Sadio"},"content":{"rendered":"<section class=\"wpb-content-wrapper\">[vc_row el_id=&#8221;concept&#8221;][vc_column][vc_empty_space height=&#8221;50px&#8221;][\/vc_column][\/vc_row][vc_row css=&#8221;.vc_custom_1572642852384{padding-right: 10% !important;padding-left: 10% !important;}&#8221;][vc_column][vc_row_inner][vc_column_inner][vc_column_text][\/vc_column_text][vc_empty_space height=&#8221;50px&#8221;][vc_column_text][\/vc_column_text][vc_empty_space height=&#8221;50px&#8221;][vc_column_text]\n<div class=\"wpb_text_column wpb_content_element \">\n<div class=\"wpb_wrapper\">\n<h1>SADIO : \u00abStructure d\u2019Appui pour un D\u00e9veloppement Inclusif des Objectifs F\u00e9minins\u00bb<\/h1>\n<p>SADIO est une association qui a pour ambition d\u2019aller \u00e0 la rencontre des femmes porteuse de projet, et de les aider \u00e0 acqu\u00e9rir leur autonomie \u00e0 travers un accompagnement \u00e0 l\u2019entreprenariat.<\/p>\n<p>Adh\u00e9rer \u00e0 SADIO, c\u2019est dire oui \u00e0 des s\u00e9ances de coachings par des professionnels, des formations dans diff\u00e9rents secteurs, un accompagnement au d\u00e9veloppement personnel et surtout, c\u2019est b\u00e9n\u00e9ficier d\u2019une communaut\u00e9 positive qui vous pousse jusqu\u2019au bout de vos ambitions.<\/p>\n<p>SADIO, c\u2019est aussi un r\u00e9seau de femmes influentes, conscientes de leur importance sur l\u2019\u00e9chiquier \u00e9conomique et \u0153uvrant pour peser sur les d\u00e9cisions les concernant.<br \/>\nL\u2019entreprenariat est, avec l\u2019\u00e9ducation et la formation, un des vecteurs permettant \u00e0 chaque femme d\u2019atteindre une certaine autonomisation afin de briser les plafonds de verre impos\u00e9s par la soci\u00e9t\u00e9 ou le manque de connaissance.<\/p>\n<p>SADIO a \u00e9t\u00e9 cr\u00e9\u00e9 pour donner \u00e0 des femmes les moyens d\u2019atteindre des objectifs qu\u2019elles pensaient irr\u00e9alisables, et de les sortir le plus souvent du secteur informel dans lequel elles \u00e9voluent, afin de les mettre sur la voie d\u2019un v\u00e9ritable projet professionnel construit et p\u00e9renne.<\/p>\n<\/div>\n<\/div>\n<div id=\"thb-empty-space-64fb090cc6fb0\" class=\"vc_empty_space\"><\/div>\n<div class=\"wpb_text_column wpb_content_element \">\n<div class=\"wpb_wrapper\">\n<h1>Demarche<\/h1>\n<p>Les projets s\u00e9lectionn\u00e9s en amont sont des id\u00e9es pour un produit ou un service que l\u2019entrepreneure souhaite lancer sur le march\u00e9, qui viennent d\u2019\u00eatre lanc\u00e9es ou qui ont besoin d\u2019\u00eatre confort\u00e9es dans une phase de d\u00e9veloppement.<\/p>\n<p>SADIO \u00e9value le projet, analyse son potentiel, et accompagne la b\u00e9n\u00e9ficiaire dans les d\u00e9marches n\u00e9cessaires pour le mener \u00e0 la r\u00e9ussite. Cela inclut toutes les \u00e9tapes d\u2019accompagnement et de mise en place de l\u2019entreprise : \u00e9tude de march\u00e9, conception de l\u2019offre, aspects juridiques, approche marketing et communication, comptabilit\u00e9, financements, etc.<\/p>\n<p>Les femmes sont s\u00e9lectionn\u00e9es sur la base d\u2019un appel \u00e0 projets, pour une formation de huit semaines organis\u00e9e autour de quatre th\u00e9matiques : strat\u00e9gie d\u2019entreprises, gestion-fiscalit\u00e9, commercialisation et communication. Ces th\u00e9matiques ont \u00e9t\u00e9 d\u00e9ploy\u00e9es concr\u00e8tement sous forme de modules de d\u00e9veloppement personnel, d\u2019un programme collectif de formations favorisant l\u2019apprentissage en groupe, et de conf\u00e9rences, afterworks\u2026<\/p>\n<p>Afin d\u2019aider les entrepreneures b\u00e9n\u00e9ficiaires de l\u2019accompagnement \u00e0 p\u00e9renniser leur activit\u00e9, SADIO assurera, d\u00e8s les formations achev\u00e9es avec succ\u00e8s, un suivi de gestion des entreprises sur 6 mois.<\/p>\n<\/div>\n<\/div>\n<div class=\"wpb_text_column wpb_content_element \">\n<div class=\"wpb_wrapper\">\n<p>Depuis la premi\u00e8re \u00e9dition en 2019, nous accompagnons chaque ann\u00e9e une dizaine de femmes dans l&#8217;\u00e9laboration et la mise en place de leur projet entreprenarial.<\/p>\n<\/div>\n<\/div>\n[\/vc_column_text][\/vc_column_inner][\/vc_row_inner][\/vc_column][\/vc_row][vc_row][vc_column][vc_empty_space height=&#8221;50px&#8221;][\/vc_column][\/vc_row]\n<\/section>","protected":false},"excerpt":{"rendered":"<p>[vc_row el_id=&#8221;concept&#8221;][vc_column][vc_empty_space height=&#8221;50px&#8221;][\/vc_column][\/vc_row][vc_row css=&#8221;.vc_custom_1572642852384{padding-right: 10% !important;padding-left: 10% !important;}&#8221;][vc_column][vc_row_inner][vc_column_inner][vc_column_text][\/vc_column_text][vc_empty_space height=&#8221;50px&#8221;][vc_column_text][\/vc_column_text][vc_empty_space height=&#8221;50px&#8221;][vc_column_text] SADIO : \u00abStructure d\u2019Appui pour un D\u00e9veloppement Inclusif des Objectifs F\u00e9minins\u00bb SADIO est une association qui a pour ambition d\u2019aller \u00e0 la rencontre des femmes porteuse de projet, et de les aider \u00e0 acqu\u00e9rir leur autonomie \u00e0 travers un accompagnement \u00e0 l\u2019entreprenariat. Adh\u00e9rer \u00e0 SADIO,&hellip;<\/p>\n","protected":false},"author":1,"featured_media":0,"parent":0,"menu_order":0,"comment_status":"closed","ping_status":"closed","template":"","meta":[],"_links":{"self":[{"href":"https:\/\/magazine.associationsadio.org\/index.php\/wp-json\/wp\/v2\/pages\/5587"}],"collection":[{"href":"https:\/\/magazine.associationsadio.org\/index.php\/wp-json\/wp\/v2\/pages"}],"about":[{"href":"https:\/\/magazine.associationsadio.org\/index.php\/wp-json\/wp\/v2\/types\/page"}],"author":[{"embeddable":true,"href":"https:\/\/magazine.associationsadio.org\/index.php\/wp-json\/wp\/v2\/users\/1"}],"replies":[{"embeddable":true,"href":"https:\/\/magazine.associationsadio.org\/index.php\/wp-json\/wp\/v2\/comments?post=5587"}],"version-history":[{"count":3,"href":"https:\/\/magazine.associationsadio.org\/index.php\/wp-json\/wp\/v2\/pages\/5587\/revisions"}],"predecessor-version":[{"id":5831,"href":"https:\/\/magazine.associationsadio.org\/index.php\/wp-json\/wp\/v2\/pages\/5587\/revisions\/5831"}],"wp:attachment":[{"href":"https:\/\/magazine.associationsadio.org\/index.php\/wp-json\/wp\/v2\/media?parent=5587"}],"curies":[{"name":"wp","href":"https:\/\/api.w.org\/{rel}","templated":true}]}}