{"id":5541,"date":"2019-11-01T22:05:21","date_gmt":"2019-11-01T22:05:21","guid":{"rendered":"http:\/\/magazine.associationsadio.org\/?page_id=5541"},"modified":"2019-11-01T22:05:21","modified_gmt":"2019-11-01T22:05:21","slug":"gala-sadio","status":"publish","type":"page","link":"https:\/\/magazine.associationsadio.org\/index.php\/gala-sadio\/","title":{"rendered":"Gala Sadio"},"content":{"rendered":"<section class=\"wpb-content-wrapper\">[vc_row][vc_column][vc_empty_space height=&#8221;50px&#8221;][\/vc_column][\/vc_row][vc_row css=&#8221;.vc_custom_1572642852384{padding-right: 10% !important;padding-left: 10% !important;}&#8221;][vc_column][vc_row_inner][vc_column_inner][vc_column_text]\n<p style=\"text-align: justify; font-size: 18px; line-height: 140%;\">Le gala Sadio met \u00e0 l\u2019honneur les femmes maliennes d\u2019exception. Il r\u00e9compense les initiatives qui participent \u00e0 la promotion de la femme. Il vise \u00e0 inspirer toutes les femmes maliennes afin de les inciter \u00e0 jouer un r\u00f4le accru dans le d\u00e9veloppement du pays, et ce, \u00e0 travers la mise en exergue de r\u00e9ussites dans les diff\u00e9rentes sph\u00e8res de la soci\u00e9t\u00e9. Le Sadio a \u00e9galement pour objectif d\u2019encourager les politiques, le secteur priv\u00e9 et les partenaires techniques et financiers dans leurs initiatives en faveur de la promotion de la femme.<\/p>\n<p style=\"text-align: justify; font-size: 18px; line-height: 140%;\">Initiative unique au Mali, ce gala annuel valorise l&#8217;excellence des femmes dans diff\u00e9rents secteurs et contribue \u00e0 leur succ\u00e8s. Il reconna\u00eet les maliennes qui se d\u00e9marquent par leur savoir-faire et leur savoir-\u00eatre, leurs r\u00e9alisations et leur rayonnement dans toutes les sph\u00e8res de l&#8217;\u00e9conomie malienne, au plan national et international.<\/p>\n<p style=\"text-align: justify; font-size: 18px; line-height: 140%;\">Le gala du Sadio a pour vocation de magnifier ces femmes, en rendant hommage \u00e0 leur travail, leur courage et leur engagement pour offrir \u00e0 la soci\u00e9t\u00e9 malienne un meilleur avenir. En effet, de par la pr\u00e9sence et la participation de repr\u00e9sentants \u00e9minents de la soci\u00e9t\u00e9 malienne, cette soir\u00e9e marque le point de d\u00e9part d\u2019une s\u00e9rie d\u2019\u00e9v\u00e8nements qui ont \u00e0 c\u0153ur de promouvoir les actions de la femme malienne.<\/p>\n[\/vc_column_text][vc_empty_space height=&#8221;50px&#8221;][\/vc_column_inner][\/vc_row_inner][vc_row_inner][vc_column_inner][vc_column_text]<img decoding=\"async\" class=\"aligncenter lazyload\" src=\"data:image\/gif;base64,R0lGODlhAQABAAAAACH5BAEKAAEALAAAAAABAAEAAAICTAEAOw==\" data-src=\"http:\/\/magazine.associationsadio.org\/wp-content\/uploads\/2020\/01\/sep01.jpg\" \/>[\/vc_column_text][vc_column_text]\n<h1 style=\"line-height: 140%; text-align: center; font-weight: normal;\"><span style=\"color: #6d2b51;\">2018\/2019<\/span><\/h1>\n[\/vc_column_text][\/vc_column_inner][\/vc_row_inner][vc_empty_space height=&#8221;50px&#8221;][vc_row_inner][vc_column_inner width=&#8221;1\/2&#8243;][vc_column_text]\n<p style=\"font-size: 18px; line-height: 140%; text-align: left;\"><span style=\"font-size: 18pt; color: #6d2b51;\"><strong>Femme de l\u2019ann\u00e9e<\/strong><\/span><\/p>\n<p style=\"font-size: 18px; line-height: 140%; padding-left: 40px; text-align: left; margin-top: -10px;\"><span style=\"color: #000000;\">GAKOU A\u00efssatou Koudedia DIOP<\/span><br \/>\n<span style=\"color: #808080; font-size: 11pt;\">Promotrice de \u201dHousna Kaso\u201d maison de prise en charge d\u2019enfants d\u00e9ficients intellectuels<\/span><\/p>\n[\/vc_column_text][\/vc_column_inner][vc_column_inner width=&#8221;1\/2&#8243;][vc_column_text]\n<p style=\"font-size: 18px; line-height: 140%; text-align: left;\"><span style=\"font-size: 18pt; color: #6d2b51;\"><strong>Haute fonction<\/strong><\/span><\/p>\n<p style=\"font-size: 18px; line-height: 140%; padding-left: 40px; text-align: left; margin-top: -10px;\"><span style=\"color: #000000;\">Mme CISSE Zamilatou SIDIBE<\/span><br \/>\n<span style=\"color: #808080; font-size: 11pt;\">Directrice de Cabinet du Premier ministre, avec rang de ministre<\/span><\/p>\n[\/vc_column_text][\/vc_column_inner][\/vc_row_inner][vc_row_inner][vc_column_inner width=&#8221;1\/2&#8243;][vc_column_text]\n<p style=\"font-size: 18px; line-height: 140%; text-align: left;\"><span style=\"font-size: 18pt; color: #6d2b51;\"><strong>Politique \/ Soci\u00e9t\u00e9 civile<\/strong><\/span><\/p>\n<p style=\"font-size: 18px; line-height: 140%; padding-left: 40px; text-align: left; margin-top: -10px;\"><span style=\"color: #000000;\">Mme DOUMBIA Mama KOITE<\/span><br \/>\n<span style=\"color: #808080; font-size: 11pt;\">Pr\u00e9sidente de Plateforme des Femmes Leaders du Mali<\/span><\/p>\n[\/vc_column_text][\/vc_column_inner][vc_column_inner width=&#8221;1\/2&#8243;][vc_column_text]\n<p style=\"font-size: 18px; line-height: 140%; text-align: left;\"><span style=\"font-size: 18pt; color: #6d2b51;\"><strong>Business<\/strong><\/span><\/p>\n<p style=\"font-size: 18px; line-height: 140%; padding-left: 40px; text-align: left; margin-top: -10px;\"><span style=\"color: #000000;\">Mme TRAORE Seynabou DIENG<\/span><br \/>\n<span style=\"color: #808080; font-size: 11pt;\">PDG Maya<\/span><\/p>\n[\/vc_column_text][\/vc_column_inner][\/vc_row_inner][vc_row_inner][vc_column_inner width=&#8221;1\/2&#8243;][vc_column_text]\n<p style=\"font-size: 18px; line-height: 140%; text-align: left;\"><span style=\"font-size: 18pt; color: #6d2b51;\"><strong>Sciences<\/strong><\/span><\/p>\n<p style=\"font-size: 18px; line-height: 140%; padding-left: 40px; text-align: left; margin-top: -10px;\"><span style=\"color: #000000;\">Mme TEMBELY Mama SANGARE<\/span><br \/>\n<span style=\"color: #808080; font-size: 11pt;\">Premi\u00e8re malienne Docteur en physique appliqu\u00e9e<\/span><\/p>\n[\/vc_column_text][\/vc_column_inner][vc_column_inner width=&#8221;1\/2&#8243;][vc_column_text]\n<p style=\"font-size: 18px; line-height: 140%; text-align: left;\"><span style=\"font-size: 18pt; color: #6d2b51;\"><strong>Num\u00e9rique<\/strong><\/span><\/p>\n<p style=\"font-size: 18px; line-height: 140%; padding-left: 40px; text-align: left; margin-top: -10px;\"><span style=\"color: #000000;\">Mme Massira Tour\u00e9 <\/span><br \/>\n<span style=\"color: #808080; font-size: 11pt;\">Initiatrice Agansi un mus\u00e9e virtuel<\/span><\/p>\n[\/vc_column_text][\/vc_column_inner][\/vc_row_inner][vc_row_inner][vc_column_inner width=&#8221;1\/2&#8243;][vc_column_text]\n<p style=\"font-size: 18px; line-height: 140%; text-align: left;\"><span style=\"font-size: 18pt; color: #6d2b51;\"><strong>Culture<\/strong><\/span><\/p>\n<p style=\"font-size: 18px; line-height: 140%; padding-left: 40px; text-align: left; margin-top: -10px;\"><span style=\"color: #000000;\">Fatoumata DIAWARA<\/span><br \/>\n<span style=\"color: #808080; font-size: 11pt;\">Chanteuse, com\u00e9dienne et auteure-compositrice-interpr\u00e8te<\/span><\/p>\n[\/vc_column_text][\/vc_column_inner][vc_column_inner width=&#8221;1\/2&#8243;][vc_column_text]\n<p style=\"font-size: 18px; line-height: 140%; text-align: left;\"><span style=\"font-size: 18pt; color: #6d2b51;\"><strong>Sport<\/strong><\/span><\/p>\n<p style=\"font-size: 18px; line-height: 140%; padding-left: 40px; text-align: left; margin-top: -10px;\"><span style=\"color: #000000;\">Mme Hamch\u00e9tou MAIGA<\/span><br \/>\n<span style=\"color: #808080; font-size: 11pt;\">Promotrice La Pantha camp sport \/ etude et Presidente &#8220;la Fondation Hamchetou Maiga-Ba&#8221;<\/span><\/p>\n[\/vc_column_text][\/vc_column_inner][\/vc_row_inner][vc_row_inner][vc_column_inner width=&#8221;1\/4&#8243;][\/vc_column_inner][vc_column_inner width=&#8221;1\/2&#8243;][vc_column_text]\n<p style=\"font-size: 18px; line-height: 140%; text-align: left;\"><span style=\"font-size: 18pt; color: #6d2b51;\"><strong>Entreprise de l\u2019ann\u00e9e<\/strong><\/span><\/p>\n<p style=\"font-size: 18px; line-height: 140%; padding-left: 40px; text-align: left; margin-top: -10px;\"><span style=\"color: #000000;\">Maison du karit\u00e9 siby<\/span><br \/>\n<span style=\"color: #808080; font-size: 11pt;\">Coop\u00e9rative regroupant plus de 800 productrices<\/span><\/p>\n[\/vc_column_text][\/vc_column_inner][vc_column_inner width=&#8221;1\/4&#8243;][\/vc_column_inner][\/vc_row_inner][vc_empty_space height=&#8221;50px&#8221;][\/vc_column][\/vc_row][vc_row][vc_column][vc_row_inner][vc_column_inner][vc_column_text]<img decoding=\"async\" class=\"aligncenter lazyload\" src=\"data:image\/gif;base64,R0lGODlhAQABAAAAACH5BAEKAAEALAAAAAABAAEAAAICTAEAOw==\" data-src=\"http:\/\/magazine.associationsadio.org\/wp-content\/uploads\/2020\/01\/sep01.jpg\" \/>[\/vc_column_text][vc_column_text]\n<h1 style=\"line-height: 140%; text-align: center; font-weight: normal;\"><span style=\"color: #6d2b51;\">2017\/2018<\/span><\/h1>\n[\/vc_column_text][\/vc_column_inner][\/vc_row_inner][vc_empty_space height=&#8221;50px&#8221;][vc_row_inner][vc_column_inner width=&#8221;1\/2&#8243;][vc_column_text]\n<p style=\"font-size: 18px; line-height: 140%; text-align: left;\"><span style=\"font-size: 18pt; color: #6d2b51;\"><strong>Sciences<\/strong><\/span><\/p>\n<p style=\"font-size: 18px; line-height: 140%; padding-left: 40px; text-align: left; margin-top: -10px;\"><span style=\"color: #000000;\">Pr Titulaire Rokia Sanogo <\/span><br \/>\n<span style=\"color: #808080; font-size: 11pt;\">Cheffe du D\u00e9partement M\u00e9decine Traditionnelle (DMT) de l\u2019Institut Nationale de Recherche en Sant\u00e9 Publique (INRSP) de Bamako<\/span><\/p>\n[\/vc_column_text][\/vc_column_inner][vc_column_inner width=&#8221;1\/2&#8243;][vc_column_text]\n<p style=\"font-size: 18px; line-height: 140%; text-align: left;\"><span style=\"font-size: 18pt; color: #6d2b51;\"><strong>Culture<\/strong><\/span><\/p>\n<p style=\"font-size: 18px; line-height: 140%; padding-left: 40px; text-align: left; margin-top: -10px;\"><span style=\"color: #000000;\">Tetou Gologo<\/span><br \/>\n<span style=\"color: #808080; font-size: 11pt;\">Artiste, promotrice de la marque de bijoux et accessoires Tamacali<\/span><\/p>\n[\/vc_column_text][\/vc_column_inner][\/vc_row_inner][vc_row_inner][vc_column_inner width=&#8221;1\/2&#8243;][vc_column_text]\n<p style=\"font-size: 18px; line-height: 140%; text-align: left;\"><span style=\"font-size: 18pt; color: #6d2b51;\"><strong>Femme de l\u2019ann\u00e9e<\/strong><\/span><\/p>\n<p style=\"font-size: 18px; line-height: 140%; padding-left: 40px; text-align: left; margin-top: -10px;\"><span style=\"color: #000000;\">Mme Fofana Fatoumata Goundourou<\/span><br \/>\n<span style=\"color: #808080; font-size: 11pt;\">Orphelinat Falatow Jigiyaso<\/span><\/p>\n[\/vc_column_text][\/vc_column_inner][vc_column_inner width=&#8221;1\/2&#8243;][vc_column_text]\n<p style=\"font-size: 18px; line-height: 140%; text-align: left;\"><span style=\"font-size: 18pt; color: #6d2b51;\"><strong>Haute fonction<\/strong><\/span><\/p>\n<p style=\"font-size: 18px; line-height: 140%; padding-left: 40px; text-align: left; margin-top: -10px;\"><span style=\"color: #000000;\">Mme Coulibaly Kane Diabate<\/span><br \/>\n<span style=\"color: #808080; font-size: 11pt;\">Premi\u00e8re malienne \u00e0 \u00eatre promue G\u00e9n\u00e9rale de brigade<\/span><\/p>\n[\/vc_column_text][\/vc_column_inner][\/vc_row_inner][vc_row_inner][vc_column_inner width=&#8221;1\/2&#8243;][vc_column_text]\n<p style=\"font-size: 18px; line-height: 140%; text-align: left;\"><span style=\"font-size: 18pt; color: #6d2b51;\"><strong>Politique \/ soci\u00e9t\u00e9 civile<\/strong><\/span><\/p>\n<p style=\"font-size: 18px; line-height: 140%; padding-left: 40px; text-align: left; margin-top: -10px;\"><span style=\"color: #000000;\">Mme Djila Habibatou Niouma Traor\u00e9 <\/span><br \/>\n<span style=\"color: #808080; font-size: 11pt;\">Officier d\u2019\u00e9tat civil du Centre Principal d\u2019\u00e9tat civil Commune III du District de Bamako<\/span><\/p>\n[\/vc_column_text][\/vc_column_inner][vc_column_inner width=&#8221;1\/2&#8243;][vc_column_text]\n<p style=\"font-size: 18px; line-height: 140%; text-align: left;\"><span style=\"font-size: 18pt; color: #6d2b51;\"><strong>Business<\/strong><\/span><\/p>\n<p style=\"font-size: 18px; line-height: 140%; padding-left: 40px; text-align: left; margin-top: -10px;\"><span style=\"color: #000000;\">Ma\u00efmouna Sidib\u00e9 Coulibaly<\/span><br \/>\n<span style=\"color: #808080; font-size: 11pt;\">Fondatrice et dirigeante entreprise Faso Kaba<\/span><\/p>\n[\/vc_column_text][\/vc_column_inner][\/vc_row_inner][vc_row_inner][vc_column_inner width=&#8221;1\/2&#8243;][vc_column_text]\n<p style=\"font-size: 18px; line-height: 140%; text-align: left;\"><span style=\"font-size: 18pt; color: #6d2b51;\"><strong>Num\u00e9rique<br \/>\n<\/strong><\/span><\/p>\n<p style=\"font-size: 18px; line-height: 140%; padding-left: 40px; text-align: left; margin-top: -10px;\"><span style=\"color: #000000;\">Dienaba Traor\u00e9<\/span><br \/>\n<span style=\"color: #808080; font-size: 11pt;\">Blogueuse culinaire et entrepreneeure en Food Design et en Food Safety<\/span><\/p>\n[\/vc_column_text][\/vc_column_inner][vc_column_inner width=&#8221;1\/2&#8243;][vc_column_text]\n<p style=\"font-size: 18px; line-height: 140%; text-align: left;\"><span style=\"font-size: 18pt; color: #6d2b51;\"><strong>Sport<\/strong><\/span><\/p>\n<p style=\"font-size: 18px; line-height: 140%; padding-left: 40px; text-align: left; margin-top: -10px;\"><span style=\"color: #000000;\">Dj\u00e9n\u00e9bou Dant\u00e9<\/span><br \/>\n<span style=\"color: #808080; font-size: 11pt;\">Athl\u00e8te 400m<\/span><\/p>\n[\/vc_column_text][\/vc_column_inner][\/vc_row_inner][\/vc_column][\/vc_row][vc_row][vc_column][vc_row_inner][vc_column_inner][vc_column_text]<img decoding=\"async\" class=\"aligncenter lazyload\" src=\"data:image\/gif;base64,R0lGODlhAQABAAAAACH5BAEKAAEALAAAAAABAAEAAAICTAEAOw==\" data-src=\"http:\/\/magazine.associationsadio.org\/wp-content\/uploads\/2020\/01\/sep01.jpg\" \/>[\/vc_column_text][vc_column_text]\n<h1 style=\"line-height: 140%; text-align: center; font-weight: normal;\"><span style=\"color: #6d2b51;\">2016\/2017<\/span><\/h1>\n[\/vc_column_text][\/vc_column_inner][\/vc_row_inner][vc_empty_space height=&#8221;50px&#8221;][vc_row_inner][vc_column_inner width=&#8221;1\/2&#8243;][vc_column_text]\n<p style=\"font-size: 18px; line-height: 140%; text-align: left;\"><span style=\"font-size: 18pt; color: #6d2b51;\"><strong>Femme de l\u2019ann\u00e9e<\/strong><\/span><\/p>\n<p style=\"font-size: 18px; line-height: 140%; padding-left: 40px; text-align: left; margin-top: -10px;\"><span style=\"color: #000000;\">Mme SACKO Aminata KANE<\/span><br \/>\n<span style=\"color: #808080; font-size: 11pt;\">Gouverneure District de BAMAKO<\/span><\/p>\n[\/vc_column_text][\/vc_column_inner][vc_column_inner width=&#8221;1\/2&#8243;][vc_column_text]\n<p style=\"font-size: 18px; line-height: 140%; text-align: left;\"><span style=\"font-size: 18pt; color: #6d2b51;\"><strong>Haute fonction<\/strong><\/span><\/p>\n<p style=\"font-size: 18px; line-height: 140%; padding-left: 40px; text-align: left; margin-top: -10px;\"><span style=\"color: #000000;\">Mme DIAKITE Fatoumata NDIAYE<\/span><br \/>\n<span style=\"color: #808080; font-size: 11pt;\">Ancien Secr\u00e9taire G\u00e9n\u00e9ral du Gouvernement<br \/>\nSEM Ambassadeur du Mali en Tunisie<\/span><\/p>\n[\/vc_column_text][\/vc_column_inner][\/vc_row_inner][vc_row_inner][vc_column_inner width=&#8221;1\/2&#8243;][vc_column_text]\n<p style=\"font-size: 18px; line-height: 140%; text-align: left;\"><span style=\"font-size: 18pt; color: #6d2b51;\"><strong>Politique \/ Soci\u00e9t\u00e9 civile<\/strong><\/span><\/p>\n<p style=\"font-size: 18px; line-height: 140%; padding-left: 40px; text-align: left; margin-top: -10px;\"><span style=\"color: #000000;\">Honorable ASSORY Aicha Belco MAIGA<\/span><br \/>\n<span style=\"color: #808080; font-size: 11pt;\">5e vice-pr\u00e9sidente de l\u2019Assembl\u00e9e Nationale<\/span><\/p>\n[\/vc_column_text][\/vc_column_inner][vc_column_inner width=&#8221;1\/2&#8243;][vc_column_text]\n<p style=\"font-size: 18px; line-height: 140%; text-align: left;\"><span style=\"font-size: 18pt; color: #6d2b51;\"><strong>Business<\/strong><\/span><\/p>\n<p style=\"font-size: 18px; line-height: 140%; padding-left: 40px; text-align: left; margin-top: -10px;\"><span style=\"color: #000000;\">Mme BEN BABA Djamila FERDJANI <\/span><br \/>\n<span style=\"color: #808080; font-size: 11pt;\">Pr\u00e9sidente du Conseil d\u2019Administration Laham Industrie<\/span><\/p>\n[\/vc_column_text][\/vc_column_inner][\/vc_row_inner][vc_row_inner][vc_column_inner width=&#8221;1\/2&#8243;][vc_column_text]\n<p style=\"font-size: 18px; line-height: 140%; text-align: left;\"><span style=\"font-size: 18pt; color: #6d2b51;\"><strong>Sciences<\/strong><\/span><\/p>\n<p style=\"font-size: 18px; line-height: 140%; padding-left: 40px; text-align: left; margin-top: -10px;\"><span style=\"color: #000000;\">Dr TRAORE Assa SIDIBE<\/span><br \/>\n<span style=\"color: #808080; font-size: 11pt;\">Chef de service Endocrinologie \u2013 H\u00f4pital du Mali<\/span><\/p>\n[\/vc_column_text][\/vc_column_inner][vc_column_inner width=&#8221;1\/2&#8243;][vc_column_text]\n<p style=\"font-size: 18px; line-height: 140%; text-align: left;\"><span style=\"font-size: 18pt; color: #6d2b51;\"><strong>Culture<\/strong><\/span><\/p>\n<p style=\"font-size: 18px; line-height: 140%; padding-left: 40px; text-align: left; margin-top: -10px;\"><span style=\"color: #000000;\">Mme TRAORE Mariam Ibrahim MAIGA<\/span><br \/>\n<span style=\"color: #808080; font-size: 11pt;\">Artiste Peintre<\/span><\/p>\n[\/vc_column_text][\/vc_column_inner][\/vc_row_inner][vc_row_inner][vc_column_inner width=&#8221;1\/2&#8243;][vc_column_text]\n<p style=\"font-size: 18px; line-height: 140%; text-align: left;\"><span style=\"font-size: 18pt; color: #6d2b51;\"><strong>Sport<\/strong><\/span><\/p>\n<p style=\"font-size: 18px; line-height: 140%; padding-left: 40px; text-align: left; margin-top: -10px;\"><span style=\"color: #000000;\">Equipe de Basket f\u00e9minine Junior<\/span><\/p>\n[\/vc_column_text][\/vc_column_inner][vc_column_inner width=&#8221;1\/2&#8243;][vc_column_text]\n<p style=\"font-size: 18px; line-height: 140%; text-align: left;\"><span style=\"font-size: 18pt; color: #6d2b51;\"><strong>Entreprise De l\u2019ann\u00e9e<\/strong><\/span><\/p>\n<p style=\"font-size: 18px; line-height: 140%; padding-left: 40px; text-align: left; margin-top: -10px;\"><span style=\"color: #000000;\">Groupe SAER<\/span><\/p>\n[\/vc_column_text][\/vc_column_inner][\/vc_row_inner][\/vc_column][\/vc_row][vc_row][vc_column][vc_empty_space height=&#8221;50px&#8221;][vc_empty_space height=&#8221;50px&#8221;][vc_column_text]<a href=\"http:\/\/magazine.associationsadio.org\/wp-content\/uploads\/2019\/11\/dossier-CANDIDATURE-SADIO2017.pdf\" target=\"_blank\" rel=\"noopener noreferrer\"><img decoding=\"async\" loading=\"lazy\" class=\"aligncenter lazyload\" src=\"data:image\/gif;base64,R0lGODlhAQABAAAAACH5BAEKAAEALAAAAAABAAEAAAICTAEAOw==\" data-src=\"http:\/\/magazine.associationsadio.org\/wp-content\/uploads\/2019\/11\/T\u00e9l\u00e9charger-le-formulaire-d\u2019inscription.jpg\" width=\"537\" height=\"46\" \/><\/a>[\/vc_column_text][\/vc_column][\/vc_row]\n<\/section>","protected":false},"excerpt":{"rendered":"<p>[vc_row][vc_column][vc_empty_space height=&#8221;50px&#8221;][\/vc_column][\/vc_row][vc_row css=&#8221;.vc_custom_1572642852384{padding-right: 10% !important;padding-left: 10% !important;}&#8221;][vc_column][vc_row_inner][vc_column_inner][vc_column_text] Le gala Sadio met \u00e0 l\u2019honneur les femmes maliennes d\u2019exception. Il r\u00e9compense les initiatives qui participent \u00e0 la promotion de la femme. Il vise \u00e0 inspirer toutes les femmes maliennes afin de les inciter \u00e0 jouer un r\u00f4le accru dans le d\u00e9veloppement du pays, et ce, \u00e0 travers&hellip;<\/p>\n","protected":false},"author":1,"featured_media":0,"parent":0,"menu_order":0,"comment_status":"closed","ping_status":"closed","template":"g1-template-page-full.php","meta":[],"_links":{"self":[{"href":"https:\/\/magazine.associationsadio.org\/index.php\/wp-json\/wp\/v2\/pages\/5541"}],"collection":[{"href":"https:\/\/magazine.associationsadio.org\/index.php\/wp-json\/wp\/v2\/pages"}],"about":[{"href":"https:\/\/magazine.associationsadio.org\/index.php\/wp-json\/wp\/v2\/types\/page"}],"author":[{"embeddable":true,"href":"https:\/\/magazine.associationsadio.org\/index.php\/wp-json\/wp\/v2\/users\/1"}],"replies":[{"embeddable":true,"href":"https:\/\/magazine.associationsadio.org\/index.php\/wp-json\/wp\/v2\/comments?post=5541"}],"version-history":[{"count":0,"href":"https:\/\/magazine.associationsadio.org\/index.php\/wp-json\/wp\/v2\/pages\/5541\/revisions"}],"wp:attachment":[{"href":"https:\/\/magazine.associationsadio.org\/index.php\/wp-json\/wp\/v2\/media?parent=5541"}],"curies":[{"name":"wp","href":"https:\/\/api.w.org\/{rel}","templated":true}]}}