{"id":5520,"date":"2019-11-01T20:55:58","date_gmt":"2019-11-01T20:55:58","guid":{"rendered":"http:\/\/magazine.associationsadio.org\/?page_id=5520"},"modified":"2023-09-08T11:37:15","modified_gmt":"2023-09-08T11:37:15","slug":"a-propos-de-sadio-mag","status":"publish","type":"page","link":"https:\/\/magazine.associationsadio.org\/index.php\/a-propos-de-sadio-mag\/","title":{"rendered":"A Propos de Sadio Mag"},"content":{"rendered":"<section class=\"wpb-content-wrapper\">[vc_row el_id=&#8221;concept&#8221;][vc_column][vc_empty_space height=&#8221;50px&#8221;][\/vc_column][\/vc_row][vc_row css=&#8221;.vc_custom_1572642852384{padding-right: 10% !important;padding-left: 10% !important;}&#8221;][vc_column][vc_row_inner][vc_column_inner][vc_column_text][\/vc_column_text][\/vc_column_inner][\/vc_row_inner][vc_column_text css=&#8221;.vc_custom_1577773808248{padding-right: 5% !important;padding-left: 5% !important;}&#8221;]\n<h3 style=\"line-height: 140%; text-align: left;\">SadioMag<\/h3>\n<p style=\"text-align: justify; font-size: 18px; line-height: 140%;\">Le lancement du magazine f\u00e9minin SadioMag en 2017 est n\u00e9 d\u2019une ambition et d\u2019une \u00e9vidence. L\u2019ambition d\u2019adresser aux jeunes femmes dynamiques et engag\u00e9es du Mali une nouvelle proposition \u00e9ditoriale, un nouveau magazine tr\u00e8s novateur sur son march\u00e9 et strat\u00e9gique dans le concept du Sadio.<\/p>\n<p style=\"text-align: justify; font-size: 18px; line-height: 140%;\">Informatif et ludique, l\u2019\u2019objectif du SadioMag est de refl\u00e9ter les pr\u00e9occupations et transformations de la soci\u00e9t\u00e9 en divers domaines \u2013 vie familiale, sant\u00e9, alimentation, environnement, r\u00e9alit\u00e9 r\u00e9gionale afin de mettre l&#8217;accent sur des pistes concr\u00e8tes de solutions.<\/p>\n<p style=\"text-align: justify; font-size: 18px; line-height: 140%;\">Pour r\u00e9pondre aux attentes des lectrices de SadioMag, Osmose events propose une ligne \u00e9ditoriale avec plus de fun dans le ton, tout en gardant l\u2019entreprenariat des femmes au c\u0153ur du concept. SadioMag c\u2019est des d\u00e9cryptages soci\u00e9taux, la mode et la beaut\u00e9 deviennent des rendez-vous plus pointus, le tout dans un \u00e9crin \u00e9l\u00e9gant.<\/p>\n[\/vc_column_text][vc_column_text css=&#8221;.vc_custom_1694171974761{padding-right: 5% !important;padding-left: 5% !important;}&#8221;]\n<h3 style=\"line-height: 140%; text-align: left;\">SadioMag, c\u2019est\u2026<\/h3>\n<ul>\n<li style=\"text-align: justify; font-size: 18px; line-height: 140%;\">Un format novateur et pratique;<\/li>\n<li style=\"text-align: justify; font-size: 18px; line-height: 140%;\">Un bimestriel gratuit de 28 pages, tir\u00e9 \u00e0 5 000 exemplaires<\/li>\n<li style=\"text-align: justify; font-size: 18px; line-height: 140%;\">une version web interactive<\/li>\n<li style=\"text-align: justify; font-size: 18px; line-height: 140%;\">Une exp\u00e9rience de lecture avec beaucoup d\u2019illustrations<\/li>\n<li style=\"text-align: justify; font-size: 18px; line-height: 140%;\">Un magazine de 28 pages pour un contenu riche et un plaisir de lecture;\n<ul>\n<li style=\"text-align: justify; font-size: 18px; line-height: 140%;\">Le sommaire d\u00e9clin\u00e9 en une dizaine de rubriques dont: Segue segue, le dossier : plus d\u2019infos sur une th\u00e9matique particuli\u00e8re du moment.; Sadio, pour les belles r\u00e9ussites de femmes entrepreneures ; Nyeleni, les mod\u00e8les de femmes maliennes; Anw mussow Koumakan, une rencontre avec une femme \u2028entrepreneure ; des histoires de femmes, des conseils beaut\u00e9, sant\u00e9 cuisine, des id\u00e9es pour savoir o\u00f9 sortir, o\u00f9 d\u00eener\u2026<\/li>\n<\/ul>\n<\/li>\n<\/ul>\n[\/vc_column_text][\/vc_column][\/vc_row][vc_row][vc_column][vc_empty_space height=&#8221;50px&#8221;][\/vc_column][\/vc_row]\n<\/section>","protected":false},"excerpt":{"rendered":"<p>[vc_row el_id=&#8221;concept&#8221;][vc_column][vc_empty_space height=&#8221;50px&#8221;][\/vc_column][\/vc_row][vc_row css=&#8221;.vc_custom_1572642852384{padding-right: 10% !important;padding-left: 10% !important;}&#8221;][vc_column][vc_row_inner][vc_column_inner][vc_column_text][\/vc_column_text][\/vc_column_inner][\/vc_row_inner][vc_column_text css=&#8221;.vc_custom_1577773808248{padding-right: 5% !important;padding-left: 5% !important;}&#8221;] SadioMag Le lancement du magazine f\u00e9minin SadioMag en 2017 est n\u00e9 d\u2019une ambition et d\u2019une \u00e9vidence. L\u2019ambition d\u2019adresser aux jeunes femmes dynamiques et engag\u00e9es du Mali une nouvelle proposition \u00e9ditoriale, un nouveau magazine tr\u00e8s novateur sur son march\u00e9 et strat\u00e9gique dans le&hellip;<\/p>\n","protected":false},"author":1,"featured_media":0,"parent":0,"menu_order":0,"comment_status":"closed","ping_status":"closed","template":"","meta":[],"_links":{"self":[{"href":"https:\/\/magazine.associationsadio.org\/index.php\/wp-json\/wp\/v2\/pages\/5520"}],"collection":[{"href":"https:\/\/magazine.associationsadio.org\/index.php\/wp-json\/wp\/v2\/pages"}],"about":[{"href":"https:\/\/magazine.associationsadio.org\/index.php\/wp-json\/wp\/v2\/types\/page"}],"author":[{"embeddable":true,"href":"https:\/\/magazine.associationsadio.org\/index.php\/wp-json\/wp\/v2\/users\/1"}],"replies":[{"embeddable":true,"href":"https:\/\/magazine.associationsadio.org\/index.php\/wp-json\/wp\/v2\/comments?post=5520"}],"version-history":[{"count":3,"href":"https:\/\/magazine.associationsadio.org\/index.php\/wp-json\/wp\/v2\/pages\/5520\/revisions"}],"predecessor-version":[{"id":5827,"href":"https:\/\/magazine.associationsadio.org\/index.php\/wp-json\/wp\/v2\/pages\/5520\/revisions\/5827"}],"wp:attachment":[{"href":"https:\/\/magazine.associationsadio.org\/index.php\/wp-json\/wp\/v2\/media?parent=5520"}],"curies":[{"name":"wp","href":"https:\/\/api.w.org\/{rel}","templated":true}]}}